{"id":961,"date":"2025-05-05T12:30:46","date_gmt":"2025-05-05T12:30:46","guid":{"rendered":"https:\/\/demotasarim.site\/ekt\/?post_type=product&#038;p=961"},"modified":"2025-06-27T08:28:30","modified_gmt":"2025-06-27T08:28:30","slug":"51095569-aku-kilit-tutacagi-efg","status":"publish","type":"product","link":"https:\/\/demotasarim.site\/ekt\/51095569-aku-kilit-tutacagi-efg\/","title":{"rendered":"51095569 &#8211; Ak\u00fc Kilit Tutaca\u011f\u0131  EFG"},"content":{"rendered":"<p>Model : EFG<\/p>\n","protected":false},"excerpt":{"rendered":"<p>Marka : JUNGHEINRICH<\/p>\n<p>Model : EFG<\/p>\n","protected":false},"featured_media":1044,"comment_status":"closed","ping_status":"closed","template":"","meta":[],"product_brand":[],"product_cat":[28],"product_tag":[],"class_list":{"0":"post-961","1":"product","2":"type-product","3":"status-publish","4":"has-post-thumbnail","6":"product_cat-aksesuar-grubu","8":"first","9":"instock","10":"taxable","11":"shipping-taxable","12":"purchasable","13":"product-type-simple"},"_links":{"self":[{"href":"https:\/\/demotasarim.site\/ekt\/wp-json\/wp\/v2\/product\/961","targetHints":{"allow":["GET"]}}],"collection":[{"href":"https:\/\/demotasarim.site\/ekt\/wp-json\/wp\/v2\/product"}],"about":[{"href":"https:\/\/demotasarim.site\/ekt\/wp-json\/wp\/v2\/types\/product"}],"replies":[{"embeddable":true,"href":"https:\/\/demotasarim.site\/ekt\/wp-json\/wp\/v2\/comments?post=961"}],"wp:featuredmedia":[{"embeddable":true,"href":"https:\/\/demotasarim.site\/ekt\/wp-json\/wp\/v2\/media\/1044"}],"wp:attachment":[{"href":"https:\/\/demotasarim.site\/ekt\/wp-json\/wp\/v2\/media?parent=961"}],"wp:term":[{"taxonomy":"product_brand","embeddable":true,"href":"https:\/\/demotasarim.site\/ekt\/wp-json\/wp\/v2\/product_brand?post=961"},{"taxonomy":"product_cat","embeddable":true,"href":"https:\/\/demotasarim.site\/ekt\/wp-json\/wp\/v2\/product_cat?post=961"},{"taxonomy":"product_tag","embeddable":true,"href":"https:\/\/demotasarim.site\/ekt\/wp-json\/wp\/v2\/product_tag?post=961"}],"curies":[{"name":"wp","href":"https:\/\/api.w.org\/{rel}","templated":true}]}}