{"id":931,"date":"2025-05-05T12:29:35","date_gmt":"2025-05-05T12:29:35","guid":{"rendered":"https:\/\/demotasarim.site\/ekt\/?post_type=product&#038;p=931"},"modified":"2025-06-27T08:21:57","modified_gmt":"2025-06-27T08:21:57","slug":"jungheinrich-51006280-asansor-gecis-takozu","status":"publish","type":"product","link":"https:\/\/demotasarim.site\/ekt\/jungheinrich-51006280-asansor-gecis-takozu\/","title":{"rendered":"Jungheinrich 51006280 &#8211; Asans\u00f6r Ge\u00e7i\u015f Takozu"},"content":{"rendered":"<p>Marka :\u00a0 JUNGHEINRICH<\/p>\n<p>Model : ETV<\/p>\n","protected":false},"excerpt":{"rendered":"<p>Marka :\u00a0 JUNGHEINRICH Model : ETV<\/p>\n","protected":false},"featured_media":1016,"comment_status":"closed","ping_status":"closed","template":"","meta":[],"product_brand":[],"product_cat":[27,38],"product_tag":[],"class_list":{"0":"post-931","1":"product","2":"type-product","3":"status-publish","4":"has-post-thumbnail","6":"product_cat-jungheinrich","7":"product_cat-takozlar","9":"first","10":"instock","11":"taxable","12":"shipping-taxable","13":"purchasable","14":"product-type-simple"},"_links":{"self":[{"href":"https:\/\/demotasarim.site\/ekt\/wp-json\/wp\/v2\/product\/931","targetHints":{"allow":["GET"]}}],"collection":[{"href":"https:\/\/demotasarim.site\/ekt\/wp-json\/wp\/v2\/product"}],"about":[{"href":"https:\/\/demotasarim.site\/ekt\/wp-json\/wp\/v2\/types\/product"}],"replies":[{"embeddable":true,"href":"https:\/\/demotasarim.site\/ekt\/wp-json\/wp\/v2\/comments?post=931"}],"wp:featuredmedia":[{"embeddable":true,"href":"https:\/\/demotasarim.site\/ekt\/wp-json\/wp\/v2\/media\/1016"}],"wp:attachment":[{"href":"https:\/\/demotasarim.site\/ekt\/wp-json\/wp\/v2\/media?parent=931"}],"wp:term":[{"taxonomy":"product_brand","embeddable":true,"href":"https:\/\/demotasarim.site\/ekt\/wp-json\/wp\/v2\/product_brand?post=931"},{"taxonomy":"product_cat","embeddable":true,"href":"https:\/\/demotasarim.site\/ekt\/wp-json\/wp\/v2\/product_cat?post=931"},{"taxonomy":"product_tag","embeddable":true,"href":"https:\/\/demotasarim.site\/ekt\/wp-json\/wp\/v2\/product_tag?post=931"}],"curies":[{"name":"wp","href":"https:\/\/api.w.org\/{rel}","templated":true}]}}