{"id":900,"date":"2025-05-05T12:28:26","date_gmt":"2025-05-05T12:28:26","guid":{"rendered":"https:\/\/demotasarim.site\/ekt\/?post_type=product&#038;p=900"},"modified":"2025-06-27T08:17:59","modified_gmt":"2025-06-27T08:17:59","slug":"crown-140747-joystick-sensoru","status":"publish","type":"product","link":"https:\/\/demotasarim.site\/ekt\/crown-140747-joystick-sensoru\/","title":{"rendered":"Crown 140747 &#8211; Joyst\u0131ck Sens\u00f6r\u00fc"},"content":{"rendered":"<p>Marka : CROWN<\/p>\n<p>Model : RR\/RD<\/p>\n","protected":false},"excerpt":{"rendered":"<p>Marka : CROWN Model : RR\/RD<\/p>\n","protected":false},"featured_media":990,"comment_status":"closed","ping_status":"closed","template":"","meta":[],"product_brand":[],"product_cat":[32,16,35],"product_tag":[],"class_list":{"0":"post-900","1":"product","2":"type-product","3":"status-publish","4":"has-post-thumbnail","6":"product_cat-crown","7":"product_cat-elektrik-ve-elektronik-grubu","8":"product_cat-sensorler","10":"first","11":"instock","12":"taxable","13":"shipping-taxable","14":"purchasable","15":"product-type-simple"},"_links":{"self":[{"href":"https:\/\/demotasarim.site\/ekt\/wp-json\/wp\/v2\/product\/900","targetHints":{"allow":["GET"]}}],"collection":[{"href":"https:\/\/demotasarim.site\/ekt\/wp-json\/wp\/v2\/product"}],"about":[{"href":"https:\/\/demotasarim.site\/ekt\/wp-json\/wp\/v2\/types\/product"}],"replies":[{"embeddable":true,"href":"https:\/\/demotasarim.site\/ekt\/wp-json\/wp\/v2\/comments?post=900"}],"wp:featuredmedia":[{"embeddable":true,"href":"https:\/\/demotasarim.site\/ekt\/wp-json\/wp\/v2\/media\/990"}],"wp:attachment":[{"href":"https:\/\/demotasarim.site\/ekt\/wp-json\/wp\/v2\/media?parent=900"}],"wp:term":[{"taxonomy":"product_brand","embeddable":true,"href":"https:\/\/demotasarim.site\/ekt\/wp-json\/wp\/v2\/product_brand?post=900"},{"taxonomy":"product_cat","embeddable":true,"href":"https:\/\/demotasarim.site\/ekt\/wp-json\/wp\/v2\/product_cat?post=900"},{"taxonomy":"product_tag","embeddable":true,"href":"https:\/\/demotasarim.site\/ekt\/wp-json\/wp\/v2\/product_tag?post=900"}],"curies":[{"name":"wp","href":"https:\/\/api.w.org\/{rel}","templated":true}]}}