{"id":886,"date":"2025-05-05T12:28:00","date_gmt":"2025-05-05T12:28:00","guid":{"rendered":"https:\/\/demotasarim.site\/ekt\/?post_type=product&#038;p=886"},"modified":"2025-06-27T08:14:16","modified_gmt":"2025-06-27T08:14:16","slug":"komatsu-rot-basi-sag-disli-elektrikli-3ba-24-71320","status":"publish","type":"product","link":"https:\/\/demotasarim.site\/ekt\/komatsu-rot-basi-sag-disli-elektrikli-3ba-24-71320\/","title":{"rendered":"Komatsu &#8211; Rot Ba\u015f\u0131 Sa\u011f Di\u015fli Elektrikli &#8211; 3BA-24-71320"},"content":{"rendered":"<p>Marka : KOMATSU<\/p>\n","protected":false},"excerpt":{"rendered":"<p>Marka : KOMATSU<\/p>\n","protected":false},"featured_media":970,"comment_status":"closed","ping_status":"closed","template":"","meta":[],"product_brand":[],"product_cat":[47,50],"product_tag":[],"class_list":{"0":"post-886","1":"product","2":"type-product","3":"status-publish","4":"has-post-thumbnail","6":"product_cat-dingil-grubu","7":"product_cat-komatsu","9":"first","10":"instock","11":"taxable","12":"shipping-taxable","13":"purchasable","14":"product-type-simple"},"_links":{"self":[{"href":"https:\/\/demotasarim.site\/ekt\/wp-json\/wp\/v2\/product\/886","targetHints":{"allow":["GET"]}}],"collection":[{"href":"https:\/\/demotasarim.site\/ekt\/wp-json\/wp\/v2\/product"}],"about":[{"href":"https:\/\/demotasarim.site\/ekt\/wp-json\/wp\/v2\/types\/product"}],"replies":[{"embeddable":true,"href":"https:\/\/demotasarim.site\/ekt\/wp-json\/wp\/v2\/comments?post=886"}],"wp:featuredmedia":[{"embeddable":true,"href":"https:\/\/demotasarim.site\/ekt\/wp-json\/wp\/v2\/media\/970"}],"wp:attachment":[{"href":"https:\/\/demotasarim.site\/ekt\/wp-json\/wp\/v2\/media?parent=886"}],"wp:term":[{"taxonomy":"product_brand","embeddable":true,"href":"https:\/\/demotasarim.site\/ekt\/wp-json\/wp\/v2\/product_brand?post=886"},{"taxonomy":"product_cat","embeddable":true,"href":"https:\/\/demotasarim.site\/ekt\/wp-json\/wp\/v2\/product_cat?post=886"},{"taxonomy":"product_tag","embeddable":true,"href":"https:\/\/demotasarim.site\/ekt\/wp-json\/wp\/v2\/product_tag?post=886"}],"curies":[{"name":"wp","href":"https:\/\/api.w.org\/{rel}","templated":true}]}}