{"id":841,"date":"2025-05-05T12:26:16","date_gmt":"2025-05-05T12:26:16","guid":{"rendered":"https:\/\/demotasarim.site\/ekt\/?post_type=product&#038;p=841"},"modified":"2025-05-05T12:29:43","modified_gmt":"2025-05-05T12:29:43","slug":"jungheinrich-side-shift-kizak-takimi-efg-kestamit-2015-2022","status":"publish","type":"product","link":"https:\/\/demotasarim.site\/ekt\/jungheinrich-side-shift-kizak-takimi-efg-kestamit-2015-2022\/","title":{"rendered":"Jungheinrich &#8211; S\u0131de Sh\u0131ft K\u0131zak Tak\u0131m\u0131 Efg Kestamit 2015 &#8211; 2022"},"content":{"rendered":"<p>Marka : JUNGHEINRICH<\/p>\n<p>Model : EFG YEN\u0130<\/p>\n","protected":false},"excerpt":{"rendered":"<p>Marka : JUNGHEINRICH Model : EFG YEN\u0130<\/p>\n","protected":false},"featured_media":934,"comment_status":"closed","ping_status":"closed","template":"","meta":[],"product_brand":[],"product_cat":[49,27],"product_tag":[],"class_list":{"0":"post-841","1":"product","2":"type-product","3":"status-publish","4":"has-post-thumbnail","6":"product_cat-asansor-grubu","7":"product_cat-jungheinrich","9":"first","10":"instock","11":"taxable","12":"shipping-taxable","13":"purchasable","14":"product-type-simple"},"_links":{"self":[{"href":"https:\/\/demotasarim.site\/ekt\/wp-json\/wp\/v2\/product\/841","targetHints":{"allow":["GET"]}}],"collection":[{"href":"https:\/\/demotasarim.site\/ekt\/wp-json\/wp\/v2\/product"}],"about":[{"href":"https:\/\/demotasarim.site\/ekt\/wp-json\/wp\/v2\/types\/product"}],"replies":[{"embeddable":true,"href":"https:\/\/demotasarim.site\/ekt\/wp-json\/wp\/v2\/comments?post=841"}],"wp:featuredmedia":[{"embeddable":true,"href":"https:\/\/demotasarim.site\/ekt\/wp-json\/wp\/v2\/media\/934"}],"wp:attachment":[{"href":"https:\/\/demotasarim.site\/ekt\/wp-json\/wp\/v2\/media?parent=841"}],"wp:term":[{"taxonomy":"product_brand","embeddable":true,"href":"https:\/\/demotasarim.site\/ekt\/wp-json\/wp\/v2\/product_brand?post=841"},{"taxonomy":"product_cat","embeddable":true,"href":"https:\/\/demotasarim.site\/ekt\/wp-json\/wp\/v2\/product_cat?post=841"},{"taxonomy":"product_tag","embeddable":true,"href":"https:\/\/demotasarim.site\/ekt\/wp-json\/wp\/v2\/product_tag?post=841"}],"curies":[{"name":"wp","href":"https:\/\/api.w.org\/{rel}","templated":true}]}}