{"id":840,"date":"2025-05-05T12:26:16","date_gmt":"2025-05-05T12:26:16","guid":{"rendered":"https:\/\/demotasarim.site\/ekt\/?post_type=product&#038;p=840"},"modified":"2025-06-27T08:10:52","modified_gmt":"2025-06-27T08:10:52","slug":"jungheinrich-50111226-on-kol-kapagi","status":"publish","type":"product","link":"https:\/\/demotasarim.site\/ekt\/jungheinrich-50111226-on-kol-kapagi\/","title":{"rendered":"Jungheinrich 50111226 &#8211; \u00d6n Kol Kapa\u011f\u0131"},"content":{"rendered":"<p>Marka : JUNGHEINRICH<\/p>\n<p>Model : ECE<\/p>\n","protected":false},"excerpt":{"rendered":"<p>Marka : JUNGHEINRICH Model : ECE<\/p>\n","protected":false},"featured_media":929,"comment_status":"closed","ping_status":"closed","template":"","meta":[],"product_brand":[],"product_cat":[27,29],"product_tag":[],"class_list":{"0":"post-840","1":"product","2":"type-product","3":"status-publish","4":"has-post-thumbnail","6":"product_cat-jungheinrich","7":"product_cat-kapaklar","9":"first","10":"instock","11":"taxable","12":"shipping-taxable","13":"purchasable","14":"product-type-simple"},"_links":{"self":[{"href":"https:\/\/demotasarim.site\/ekt\/wp-json\/wp\/v2\/product\/840","targetHints":{"allow":["GET"]}}],"collection":[{"href":"https:\/\/demotasarim.site\/ekt\/wp-json\/wp\/v2\/product"}],"about":[{"href":"https:\/\/demotasarim.site\/ekt\/wp-json\/wp\/v2\/types\/product"}],"replies":[{"embeddable":true,"href":"https:\/\/demotasarim.site\/ekt\/wp-json\/wp\/v2\/comments?post=840"}],"wp:featuredmedia":[{"embeddable":true,"href":"https:\/\/demotasarim.site\/ekt\/wp-json\/wp\/v2\/media\/929"}],"wp:attachment":[{"href":"https:\/\/demotasarim.site\/ekt\/wp-json\/wp\/v2\/media?parent=840"}],"wp:term":[{"taxonomy":"product_brand","embeddable":true,"href":"https:\/\/demotasarim.site\/ekt\/wp-json\/wp\/v2\/product_brand?post=840"},{"taxonomy":"product_cat","embeddable":true,"href":"https:\/\/demotasarim.site\/ekt\/wp-json\/wp\/v2\/product_cat?post=840"},{"taxonomy":"product_tag","embeddable":true,"href":"https:\/\/demotasarim.site\/ekt\/wp-json\/wp\/v2\/product_tag?post=840"}],"curies":[{"name":"wp","href":"https:\/\/api.w.org\/{rel}","templated":true}]}}