{"id":832,"date":"2025-05-05T12:25:55","date_gmt":"2025-05-05T12:25:55","guid":{"rendered":"https:\/\/demotasarim.site\/ekt\/?post_type=product&#038;p=832"},"modified":"2025-06-27T08:09:57","modified_gmt":"2025-06-27T08:09:57","slug":"komatsu-akim-sensoru-fbs3cm7-800-4","status":"publish","type":"product","link":"https:\/\/demotasarim.site\/ekt\/komatsu-akim-sensoru-fbs3cm7-800-4\/","title":{"rendered":"Komatsu &#8211; Ak\u0131m Sens\u00f6r\u00fc FBS3CM7-800\/4"},"content":{"rendered":"<p>Marka : KOMATSU<\/p>\n","protected":false},"excerpt":{"rendered":"<p>Marka : KOMATSU<\/p>\n","protected":false},"featured_media":927,"comment_status":"closed","ping_status":"closed","template":"","meta":[],"product_brand":[],"product_cat":[50,35],"product_tag":[],"class_list":{"0":"post-832","1":"product","2":"type-product","3":"status-publish","4":"has-post-thumbnail","6":"product_cat-komatsu","7":"product_cat-sensorler","9":"first","10":"instock","11":"taxable","12":"shipping-taxable","13":"purchasable","14":"product-type-simple"},"_links":{"self":[{"href":"https:\/\/demotasarim.site\/ekt\/wp-json\/wp\/v2\/product\/832","targetHints":{"allow":["GET"]}}],"collection":[{"href":"https:\/\/demotasarim.site\/ekt\/wp-json\/wp\/v2\/product"}],"about":[{"href":"https:\/\/demotasarim.site\/ekt\/wp-json\/wp\/v2\/types\/product"}],"replies":[{"embeddable":true,"href":"https:\/\/demotasarim.site\/ekt\/wp-json\/wp\/v2\/comments?post=832"}],"wp:featuredmedia":[{"embeddable":true,"href":"https:\/\/demotasarim.site\/ekt\/wp-json\/wp\/v2\/media\/927"}],"wp:attachment":[{"href":"https:\/\/demotasarim.site\/ekt\/wp-json\/wp\/v2\/media?parent=832"}],"wp:term":[{"taxonomy":"product_brand","embeddable":true,"href":"https:\/\/demotasarim.site\/ekt\/wp-json\/wp\/v2\/product_brand?post=832"},{"taxonomy":"product_cat","embeddable":true,"href":"https:\/\/demotasarim.site\/ekt\/wp-json\/wp\/v2\/product_cat?post=832"},{"taxonomy":"product_tag","embeddable":true,"href":"https:\/\/demotasarim.site\/ekt\/wp-json\/wp\/v2\/product_tag?post=832"}],"curies":[{"name":"wp","href":"https:\/\/api.w.org\/{rel}","templated":true}]}}