{"id":810,"date":"2025-05-05T12:25:10","date_gmt":"2025-05-05T12:25:10","guid":{"rendered":"https:\/\/demotasarim.site\/ekt\/?post_type=product&#038;p=810"},"modified":"2025-06-27T08:04:24","modified_gmt":"2025-06-27T08:04:24","slug":"linde-jungheinrich-side-shift-mili-50054718","status":"publish","type":"product","link":"https:\/\/demotasarim.site\/ekt\/linde-jungheinrich-side-shift-mili-50054718\/","title":{"rendered":"Linde-Jungheinrich &#8211; S\u0131de Sh\u0131ft Mili &#8211; 50054718"},"content":{"rendered":"<p>Marka : L\u0130NDE &amp; JUNGHEINRICH<\/p>\n","protected":false},"excerpt":{"rendered":"<p>Marka : L\u0130NDE &amp; JUNGHEINRICH<\/p>\n","protected":false},"featured_media":902,"comment_status":"closed","ping_status":"closed","template":"","meta":[],"product_brand":[],"product_cat":[49,27,30],"product_tag":[],"class_list":{"0":"post-810","1":"product","2":"type-product","3":"status-publish","4":"has-post-thumbnail","6":"product_cat-asansor-grubu","7":"product_cat-jungheinrich","8":"product_cat-linde","10":"first","11":"instock","12":"taxable","13":"shipping-taxable","14":"purchasable","15":"product-type-simple"},"_links":{"self":[{"href":"https:\/\/demotasarim.site\/ekt\/wp-json\/wp\/v2\/product\/810","targetHints":{"allow":["GET"]}}],"collection":[{"href":"https:\/\/demotasarim.site\/ekt\/wp-json\/wp\/v2\/product"}],"about":[{"href":"https:\/\/demotasarim.site\/ekt\/wp-json\/wp\/v2\/types\/product"}],"replies":[{"embeddable":true,"href":"https:\/\/demotasarim.site\/ekt\/wp-json\/wp\/v2\/comments?post=810"}],"wp:featuredmedia":[{"embeddable":true,"href":"https:\/\/demotasarim.site\/ekt\/wp-json\/wp\/v2\/media\/902"}],"wp:attachment":[{"href":"https:\/\/demotasarim.site\/ekt\/wp-json\/wp\/v2\/media?parent=810"}],"wp:term":[{"taxonomy":"product_brand","embeddable":true,"href":"https:\/\/demotasarim.site\/ekt\/wp-json\/wp\/v2\/product_brand?post=810"},{"taxonomy":"product_cat","embeddable":true,"href":"https:\/\/demotasarim.site\/ekt\/wp-json\/wp\/v2\/product_cat?post=810"},{"taxonomy":"product_tag","embeddable":true,"href":"https:\/\/demotasarim.site\/ekt\/wp-json\/wp\/v2\/product_tag?post=810"}],"curies":[{"name":"wp","href":"https:\/\/api.w.org\/{rel}","templated":true}]}}