{"id":802,"date":"2025-05-05T12:24:46","date_gmt":"2025-05-05T12:24:46","guid":{"rendered":"https:\/\/demotasarim.site\/ekt\/?post_type=product&#038;p=802"},"modified":"2025-05-05T12:28:19","modified_gmt":"2025-05-05T12:28:19","slug":"jungheinrich-orta-piston-kece-takimi","status":"publish","type":"product","link":"https:\/\/demotasarim.site\/ekt\/jungheinrich-orta-piston-kece-takimi\/","title":{"rendered":"Jungheinrich &#8211; Orta Piston Ke\u00e7e Tak\u0131m\u0131"},"content":{"rendered":"<p>Marka : JUNGHEINRICH<\/p>\n<p>Model : EFG430<\/p>\n","protected":false},"excerpt":{"rendered":"<p>Marka : JUNGHEINRICH Model : EFG430<\/p>\n","protected":false},"featured_media":894,"comment_status":"closed","ping_status":"closed","template":"","meta":[],"product_brand":[],"product_cat":[27,43],"product_tag":[],"class_list":{"0":"post-802","1":"product","2":"type-product","3":"status-publish","4":"has-post-thumbnail","6":"product_cat-jungheinrich","7":"product_cat-keceler","9":"first","10":"instock","11":"taxable","12":"shipping-taxable","13":"purchasable","14":"product-type-simple"},"_links":{"self":[{"href":"https:\/\/demotasarim.site\/ekt\/wp-json\/wp\/v2\/product\/802","targetHints":{"allow":["GET"]}}],"collection":[{"href":"https:\/\/demotasarim.site\/ekt\/wp-json\/wp\/v2\/product"}],"about":[{"href":"https:\/\/demotasarim.site\/ekt\/wp-json\/wp\/v2\/types\/product"}],"replies":[{"embeddable":true,"href":"https:\/\/demotasarim.site\/ekt\/wp-json\/wp\/v2\/comments?post=802"}],"wp:featuredmedia":[{"embeddable":true,"href":"https:\/\/demotasarim.site\/ekt\/wp-json\/wp\/v2\/media\/894"}],"wp:attachment":[{"href":"https:\/\/demotasarim.site\/ekt\/wp-json\/wp\/v2\/media?parent=802"}],"wp:term":[{"taxonomy":"product_brand","embeddable":true,"href":"https:\/\/demotasarim.site\/ekt\/wp-json\/wp\/v2\/product_brand?post=802"},{"taxonomy":"product_cat","embeddable":true,"href":"https:\/\/demotasarim.site\/ekt\/wp-json\/wp\/v2\/product_cat?post=802"},{"taxonomy":"product_tag","embeddable":true,"href":"https:\/\/demotasarim.site\/ekt\/wp-json\/wp\/v2\/product_tag?post=802"}],"curies":[{"name":"wp","href":"https:\/\/api.w.org\/{rel}","templated":true}]}}