{"id":624,"date":"2025-05-05T12:18:09","date_gmt":"2025-05-05T12:18:09","guid":{"rendered":"https:\/\/demotasarim.site\/ekt\/?post_type=product&#038;p=624"},"modified":"2025-05-05T12:21:36","modified_gmt":"2025-05-05T12:21:36","slug":"bt-137718002-asansor-sayici-teli","status":"publish","type":"product","link":"https:\/\/demotasarim.site\/ekt\/bt-137718002-asansor-sayici-teli\/","title":{"rendered":"Bt 137718002 &#8211;  Asans\u00f6r Say\u0131c\u0131 Teli"},"content":{"rendered":"<p>Marka : BT<\/p>\n<p>Model : RR<\/p>\n","protected":false},"excerpt":{"rendered":"<p>Marka : BT Model : RR<\/p>\n","protected":false},"featured_media":715,"comment_status":"closed","ping_status":"closed","template":"","meta":[],"product_brand":[],"product_cat":[49],"product_tag":[],"class_list":{"0":"post-624","1":"product","2":"type-product","3":"status-publish","4":"has-post-thumbnail","6":"product_cat-asansor-grubu","8":"first","9":"instock","10":"taxable","11":"shipping-taxable","12":"purchasable","13":"product-type-simple"},"_links":{"self":[{"href":"https:\/\/demotasarim.site\/ekt\/wp-json\/wp\/v2\/product\/624","targetHints":{"allow":["GET"]}}],"collection":[{"href":"https:\/\/demotasarim.site\/ekt\/wp-json\/wp\/v2\/product"}],"about":[{"href":"https:\/\/demotasarim.site\/ekt\/wp-json\/wp\/v2\/types\/product"}],"replies":[{"embeddable":true,"href":"https:\/\/demotasarim.site\/ekt\/wp-json\/wp\/v2\/comments?post=624"}],"wp:featuredmedia":[{"embeddable":true,"href":"https:\/\/demotasarim.site\/ekt\/wp-json\/wp\/v2\/media\/715"}],"wp:attachment":[{"href":"https:\/\/demotasarim.site\/ekt\/wp-json\/wp\/v2\/media?parent=624"}],"wp:term":[{"taxonomy":"product_brand","embeddable":true,"href":"https:\/\/demotasarim.site\/ekt\/wp-json\/wp\/v2\/product_brand?post=624"},{"taxonomy":"product_cat","embeddable":true,"href":"https:\/\/demotasarim.site\/ekt\/wp-json\/wp\/v2\/product_cat?post=624"},{"taxonomy":"product_tag","embeddable":true,"href":"https:\/\/demotasarim.site\/ekt\/wp-json\/wp\/v2\/product_tag?post=624"}],"curies":[{"name":"wp","href":"https:\/\/api.w.org\/{rel}","templated":true}]}}