{"id":566,"date":"2025-05-05T12:16:03","date_gmt":"2025-05-05T12:16:03","guid":{"rendered":"https:\/\/demotasarim.site\/ekt\/?post_type=product&#038;p=566"},"modified":"2025-05-05T12:19:17","modified_gmt":"2025-05-05T12:19:17","slug":"linde-yuruyus-kontaktoru","status":"publish","type":"product","link":"https:\/\/demotasarim.site\/ekt\/linde-yuruyus-kontaktoru\/","title":{"rendered":"Linde &#8211; Y\u00fcr\u00fcy\u00fc\u015f Kontakt\u00f6r\u00fc"},"content":{"rendered":"<p>Marka : L\u0130NDE<\/p>\n<p>Model : L12<\/p>\n","protected":false},"excerpt":{"rendered":"<p>Marka : L\u0130NDE Model : L12<\/p>\n","protected":false},"featured_media":652,"comment_status":"closed","ping_status":"closed","template":"","meta":[],"product_brand":[],"product_cat":[16,26,30],"product_tag":[],"class_list":{"0":"post-566","1":"product","2":"type-product","3":"status-publish","4":"has-post-thumbnail","6":"product_cat-elektrik-ve-elektronik-grubu","7":"product_cat-kontaktorler","8":"product_cat-linde","10":"first","11":"instock","12":"taxable","13":"shipping-taxable","14":"purchasable","15":"product-type-simple"},"_links":{"self":[{"href":"https:\/\/demotasarim.site\/ekt\/wp-json\/wp\/v2\/product\/566","targetHints":{"allow":["GET"]}}],"collection":[{"href":"https:\/\/demotasarim.site\/ekt\/wp-json\/wp\/v2\/product"}],"about":[{"href":"https:\/\/demotasarim.site\/ekt\/wp-json\/wp\/v2\/types\/product"}],"replies":[{"embeddable":true,"href":"https:\/\/demotasarim.site\/ekt\/wp-json\/wp\/v2\/comments?post=566"}],"wp:featuredmedia":[{"embeddable":true,"href":"https:\/\/demotasarim.site\/ekt\/wp-json\/wp\/v2\/media\/652"}],"wp:attachment":[{"href":"https:\/\/demotasarim.site\/ekt\/wp-json\/wp\/v2\/media?parent=566"}],"wp:term":[{"taxonomy":"product_brand","embeddable":true,"href":"https:\/\/demotasarim.site\/ekt\/wp-json\/wp\/v2\/product_brand?post=566"},{"taxonomy":"product_cat","embeddable":true,"href":"https:\/\/demotasarim.site\/ekt\/wp-json\/wp\/v2\/product_cat?post=566"},{"taxonomy":"product_tag","embeddable":true,"href":"https:\/\/demotasarim.site\/ekt\/wp-json\/wp\/v2\/product_tag?post=566"}],"curies":[{"name":"wp","href":"https:\/\/api.w.org\/{rel}","templated":true}]}}