{"id":555,"date":"2025-05-05T12:15:38","date_gmt":"2025-05-05T12:15:38","guid":{"rendered":"https:\/\/demotasarim.site\/ekt\/?post_type=product&#038;p=555"},"modified":"2025-06-19T12:53:10","modified_gmt":"2025-06-19T12:53:10","slug":"jungheinrich-50106384-yon-sensoru","status":"publish","type":"product","link":"https:\/\/demotasarim.site\/ekt\/jungheinrich-50106384-yon-sensoru\/","title":{"rendered":"Jungheinrich 50106384  &#8211; Y\u00f6n Sens\u00f6r\u00fc"},"content":{"rendered":"<p>Marka : JUNGHE\u0130NR\u0130CH<\/p>\n<p>Model : ECE<\/p>\n","protected":false},"excerpt":{"rendered":"<p>Marka : JUNGHE\u0130NR\u0130CH Model : ECE<\/p>\n","protected":false},"featured_media":648,"comment_status":"closed","ping_status":"closed","template":"","meta":[],"product_brand":[],"product_cat":[16,27,35],"product_tag":[],"class_list":{"0":"post-555","1":"product","2":"type-product","3":"status-publish","4":"has-post-thumbnail","6":"product_cat-elektrik-ve-elektronik-grubu","7":"product_cat-jungheinrich","8":"product_cat-sensorler","10":"first","11":"instock","12":"taxable","13":"shipping-taxable","14":"purchasable","15":"product-type-simple"},"_links":{"self":[{"href":"https:\/\/demotasarim.site\/ekt\/wp-json\/wp\/v2\/product\/555","targetHints":{"allow":["GET"]}}],"collection":[{"href":"https:\/\/demotasarim.site\/ekt\/wp-json\/wp\/v2\/product"}],"about":[{"href":"https:\/\/demotasarim.site\/ekt\/wp-json\/wp\/v2\/types\/product"}],"replies":[{"embeddable":true,"href":"https:\/\/demotasarim.site\/ekt\/wp-json\/wp\/v2\/comments?post=555"}],"wp:featuredmedia":[{"embeddable":true,"href":"https:\/\/demotasarim.site\/ekt\/wp-json\/wp\/v2\/media\/648"}],"wp:attachment":[{"href":"https:\/\/demotasarim.site\/ekt\/wp-json\/wp\/v2\/media?parent=555"}],"wp:term":[{"taxonomy":"product_brand","embeddable":true,"href":"https:\/\/demotasarim.site\/ekt\/wp-json\/wp\/v2\/product_brand?post=555"},{"taxonomy":"product_cat","embeddable":true,"href":"https:\/\/demotasarim.site\/ekt\/wp-json\/wp\/v2\/product_cat?post=555"},{"taxonomy":"product_tag","embeddable":true,"href":"https:\/\/demotasarim.site\/ekt\/wp-json\/wp\/v2\/product_tag?post=555"}],"curies":[{"name":"wp","href":"https:\/\/api.w.org\/{rel}","templated":true}]}}