{"id":52,"date":"2025-05-05T11:58:11","date_gmt":"2025-05-05T11:58:11","guid":{"rendered":"https:\/\/demotasarim.site\/ekt\/?post_type=product&#038;p=52"},"modified":"2025-06-19T10:42:33","modified_gmt":"2025-06-19T10:42:33","slug":"linde-0039732605-indirme-kaldirma-kapagi","status":"publish","type":"product","link":"https:\/\/demotasarim.site\/ekt\/linde-0039732605-indirme-kaldirma-kapagi\/","title":{"rendered":"Linde 0039732605 &#8211; \u0130ndirme Kald\u0131rma Kapa\u011f\u0131"},"content":{"rendered":"<p>Marka : L\u0130NDE<\/p>\n<p>Model : T16<\/p>\n","protected":false},"excerpt":{"rendered":"<p>Marka : L\u0130NDE Model : T16<\/p>\n","protected":false},"featured_media":143,"comment_status":"closed","ping_status":"closed","template":"","meta":[],"product_brand":[],"product_cat":[28,29,30],"product_tag":[],"class_list":{"0":"post-52","1":"product","2":"type-product","3":"status-publish","4":"has-post-thumbnail","6":"product_cat-aksesuar-grubu","7":"product_cat-kapaklar","8":"product_cat-linde","10":"first","11":"instock","12":"taxable","13":"shipping-taxable","14":"purchasable","15":"product-type-simple"},"_links":{"self":[{"href":"https:\/\/demotasarim.site\/ekt\/wp-json\/wp\/v2\/product\/52","targetHints":{"allow":["GET"]}}],"collection":[{"href":"https:\/\/demotasarim.site\/ekt\/wp-json\/wp\/v2\/product"}],"about":[{"href":"https:\/\/demotasarim.site\/ekt\/wp-json\/wp\/v2\/types\/product"}],"replies":[{"embeddable":true,"href":"https:\/\/demotasarim.site\/ekt\/wp-json\/wp\/v2\/comments?post=52"}],"wp:featuredmedia":[{"embeddable":true,"href":"https:\/\/demotasarim.site\/ekt\/wp-json\/wp\/v2\/media\/143"}],"wp:attachment":[{"href":"https:\/\/demotasarim.site\/ekt\/wp-json\/wp\/v2\/media?parent=52"}],"wp:term":[{"taxonomy":"product_brand","embeddable":true,"href":"https:\/\/demotasarim.site\/ekt\/wp-json\/wp\/v2\/product_brand?post=52"},{"taxonomy":"product_cat","embeddable":true,"href":"https:\/\/demotasarim.site\/ekt\/wp-json\/wp\/v2\/product_cat?post=52"},{"taxonomy":"product_tag","embeddable":true,"href":"https:\/\/demotasarim.site\/ekt\/wp-json\/wp\/v2\/product_tag?post=52"}],"curies":[{"name":"wp","href":"https:\/\/api.w.org\/{rel}","templated":true}]}}