{"id":381,"date":"2025-05-05T12:09:32","date_gmt":"2025-05-05T12:09:32","guid":{"rendered":"https:\/\/demotasarim.site\/ekt\/?post_type=product&#038;p=381"},"modified":"2025-06-19T11:31:57","modified_gmt":"2025-06-19T11:31:57","slug":"jungheinrich-buton-kapagi-28526680","status":"publish","type":"product","link":"https:\/\/demotasarim.site\/ekt\/jungheinrich-buton-kapagi-28526680\/","title":{"rendered":"Jungheinrich &#8211; Buton Kapa\u011f\u0131 &#8211; 28526680"},"content":{"rendered":"<p>Marka : JUNGHE\u0130NR\u0130CH<\/p>\n<p>Model : EJC<\/p>\n","protected":false},"excerpt":{"rendered":"<p>Marka : JUNGHE\u0130NR\u0130CH Model : EJC<\/p>\n","protected":false},"featured_media":468,"comment_status":"closed","ping_status":"closed","template":"","meta":[],"product_brand":[],"product_cat":[28,27,29],"product_tag":[],"class_list":{"0":"post-381","1":"product","2":"type-product","3":"status-publish","4":"has-post-thumbnail","6":"product_cat-aksesuar-grubu","7":"product_cat-jungheinrich","8":"product_cat-kapaklar","10":"first","11":"instock","12":"taxable","13":"shipping-taxable","14":"purchasable","15":"product-type-simple"},"_links":{"self":[{"href":"https:\/\/demotasarim.site\/ekt\/wp-json\/wp\/v2\/product\/381","targetHints":{"allow":["GET"]}}],"collection":[{"href":"https:\/\/demotasarim.site\/ekt\/wp-json\/wp\/v2\/product"}],"about":[{"href":"https:\/\/demotasarim.site\/ekt\/wp-json\/wp\/v2\/types\/product"}],"replies":[{"embeddable":true,"href":"https:\/\/demotasarim.site\/ekt\/wp-json\/wp\/v2\/comments?post=381"}],"wp:featuredmedia":[{"embeddable":true,"href":"https:\/\/demotasarim.site\/ekt\/wp-json\/wp\/v2\/media\/468"}],"wp:attachment":[{"href":"https:\/\/demotasarim.site\/ekt\/wp-json\/wp\/v2\/media?parent=381"}],"wp:term":[{"taxonomy":"product_brand","embeddable":true,"href":"https:\/\/demotasarim.site\/ekt\/wp-json\/wp\/v2\/product_brand?post=381"},{"taxonomy":"product_cat","embeddable":true,"href":"https:\/\/demotasarim.site\/ekt\/wp-json\/wp\/v2\/product_cat?post=381"},{"taxonomy":"product_tag","embeddable":true,"href":"https:\/\/demotasarim.site\/ekt\/wp-json\/wp\/v2\/product_tag?post=381"}],"curies":[{"name":"wp","href":"https:\/\/api.w.org\/{rel}","templated":true}]}}