{"id":292,"date":"2025-05-05T12:06:35","date_gmt":"2025-05-05T12:06:35","guid":{"rendered":"https:\/\/demotasarim.site\/ekt\/?post_type=product&#038;p=292"},"modified":"2025-06-19T11:14:50","modified_gmt":"2025-06-19T11:14:50","slug":"jungheinrich-gosterge-kapagi-50466677","status":"publish","type":"product","link":"https:\/\/demotasarim.site\/ekt\/jungheinrich-gosterge-kapagi-50466677\/","title":{"rendered":"Jungheinrich &#8211; G\u00f6sterge Kapa\u011f\u0131 &#8211; 50466677"},"content":{"rendered":"<p>Marka : JUNGHEINRICH<\/p>\n<p>Model : EJE<\/p>\n","protected":false},"excerpt":{"rendered":"<p>Marka : JUNGHEINRICH Model : EJE<\/p>\n","protected":false},"featured_media":382,"comment_status":"closed","ping_status":"closed","template":"","meta":[],"product_brand":[],"product_cat":[27,29],"product_tag":[],"class_list":{"0":"post-292","1":"product","2":"type-product","3":"status-publish","4":"has-post-thumbnail","6":"product_cat-jungheinrich","7":"product_cat-kapaklar","9":"first","10":"instock","11":"taxable","12":"shipping-taxable","13":"purchasable","14":"product-type-simple"},"_links":{"self":[{"href":"https:\/\/demotasarim.site\/ekt\/wp-json\/wp\/v2\/product\/292","targetHints":{"allow":["GET"]}}],"collection":[{"href":"https:\/\/demotasarim.site\/ekt\/wp-json\/wp\/v2\/product"}],"about":[{"href":"https:\/\/demotasarim.site\/ekt\/wp-json\/wp\/v2\/types\/product"}],"replies":[{"embeddable":true,"href":"https:\/\/demotasarim.site\/ekt\/wp-json\/wp\/v2\/comments?post=292"}],"wp:featuredmedia":[{"embeddable":true,"href":"https:\/\/demotasarim.site\/ekt\/wp-json\/wp\/v2\/media\/382"}],"wp:attachment":[{"href":"https:\/\/demotasarim.site\/ekt\/wp-json\/wp\/v2\/media?parent=292"}],"wp:term":[{"taxonomy":"product_brand","embeddable":true,"href":"https:\/\/demotasarim.site\/ekt\/wp-json\/wp\/v2\/product_brand?post=292"},{"taxonomy":"product_cat","embeddable":true,"href":"https:\/\/demotasarim.site\/ekt\/wp-json\/wp\/v2\/product_cat?post=292"},{"taxonomy":"product_tag","embeddable":true,"href":"https:\/\/demotasarim.site\/ekt\/wp-json\/wp\/v2\/product_tag?post=292"}],"curies":[{"name":"wp","href":"https:\/\/api.w.org\/{rel}","templated":true}]}}