{"id":244,"date":"2025-05-05T12:04:57","date_gmt":"2025-05-05T12:04:57","guid":{"rendered":"https:\/\/demotasarim.site\/ekt\/?post_type=product&#038;p=244"},"modified":"2025-05-05T12:07:50","modified_gmt":"2025-05-05T12:07:50","slug":"komatsu-side-shift-alt-kizak-takimi","status":"publish","type":"product","link":"https:\/\/demotasarim.site\/ekt\/komatsu-side-shift-alt-kizak-takimi\/","title":{"rendered":"Komatsu &#8211; Side Shift Alt K\u0131zak Tak\u0131m\u0131"},"content":{"rendered":"<p>Marka : KOMATSU<\/p>\n<p>Model : T16<\/p>\n","protected":false},"excerpt":{"rendered":"<p>Marka : KOMATSU Model : T16<\/p>\n","protected":false},"featured_media":328,"comment_status":"closed","ping_status":"closed","template":"","meta":[],"product_brand":[],"product_cat":[49,50],"product_tag":[],"class_list":{"0":"post-244","1":"product","2":"type-product","3":"status-publish","4":"has-post-thumbnail","6":"product_cat-asansor-grubu","7":"product_cat-komatsu","9":"first","10":"instock","11":"taxable","12":"shipping-taxable","13":"purchasable","14":"product-type-simple"},"_links":{"self":[{"href":"https:\/\/demotasarim.site\/ekt\/wp-json\/wp\/v2\/product\/244","targetHints":{"allow":["GET"]}}],"collection":[{"href":"https:\/\/demotasarim.site\/ekt\/wp-json\/wp\/v2\/product"}],"about":[{"href":"https:\/\/demotasarim.site\/ekt\/wp-json\/wp\/v2\/types\/product"}],"replies":[{"embeddable":true,"href":"https:\/\/demotasarim.site\/ekt\/wp-json\/wp\/v2\/comments?post=244"}],"wp:featuredmedia":[{"embeddable":true,"href":"https:\/\/demotasarim.site\/ekt\/wp-json\/wp\/v2\/media\/328"}],"wp:attachment":[{"href":"https:\/\/demotasarim.site\/ekt\/wp-json\/wp\/v2\/media?parent=244"}],"wp:term":[{"taxonomy":"product_brand","embeddable":true,"href":"https:\/\/demotasarim.site\/ekt\/wp-json\/wp\/v2\/product_brand?post=244"},{"taxonomy":"product_cat","embeddable":true,"href":"https:\/\/demotasarim.site\/ekt\/wp-json\/wp\/v2\/product_cat?post=244"},{"taxonomy":"product_tag","embeddable":true,"href":"https:\/\/demotasarim.site\/ekt\/wp-json\/wp\/v2\/product_tag?post=244"}],"curies":[{"name":"wp","href":"https:\/\/api.w.org\/{rel}","templated":true}]}}