{"id":1805,"date":"2025-05-05T13:03:54","date_gmt":"2025-05-05T13:03:54","guid":{"rendered":"https:\/\/demotasarim.site\/ekt\/?post_type=product&#038;p=1805"},"modified":"2025-07-29T07:59:09","modified_gmt":"2025-07-29T07:59:09","slug":"hyundai-xkcf291-fren-oring-buyuk","status":"publish","type":"product","link":"https:\/\/demotasarim.site\/ekt\/hyundai-xkcf291-fren-oring-buyuk\/","title":{"rendered":"Hyundai XKCF291 &#8211; Fren Oring B\u00fcy\u00fck"},"content":{"rendered":"<p>Marka : HYUNDA\u0130<\/p>\n<p>Model :30B-7<\/p>\n","protected":false},"excerpt":{"rendered":"<p>Marka : HYUNDA\u0130 Model :30B-7<\/p>\n","protected":false},"featured_media":1898,"comment_status":"closed","ping_status":"closed","template":"","meta":[],"product_brand":[],"product_cat":[58],"product_tag":[],"class_list":{"0":"post-1805","1":"product","2":"type-product","3":"status-publish","4":"has-post-thumbnail","6":"product_cat-oring","8":"first","9":"instock","10":"taxable","11":"shipping-taxable","12":"purchasable","13":"product-type-simple"},"_links":{"self":[{"href":"https:\/\/demotasarim.site\/ekt\/wp-json\/wp\/v2\/product\/1805","targetHints":{"allow":["GET"]}}],"collection":[{"href":"https:\/\/demotasarim.site\/ekt\/wp-json\/wp\/v2\/product"}],"about":[{"href":"https:\/\/demotasarim.site\/ekt\/wp-json\/wp\/v2\/types\/product"}],"replies":[{"embeddable":true,"href":"https:\/\/demotasarim.site\/ekt\/wp-json\/wp\/v2\/comments?post=1805"}],"wp:featuredmedia":[{"embeddable":true,"href":"https:\/\/demotasarim.site\/ekt\/wp-json\/wp\/v2\/media\/1898"}],"wp:attachment":[{"href":"https:\/\/demotasarim.site\/ekt\/wp-json\/wp\/v2\/media?parent=1805"}],"wp:term":[{"taxonomy":"product_brand","embeddable":true,"href":"https:\/\/demotasarim.site\/ekt\/wp-json\/wp\/v2\/product_brand?post=1805"},{"taxonomy":"product_cat","embeddable":true,"href":"https:\/\/demotasarim.site\/ekt\/wp-json\/wp\/v2\/product_cat?post=1805"},{"taxonomy":"product_tag","embeddable":true,"href":"https:\/\/demotasarim.site\/ekt\/wp-json\/wp\/v2\/product_tag?post=1805"}],"curies":[{"name":"wp","href":"https:\/\/api.w.org\/{rel}","templated":true}]}}