{"id":1784,"date":"2025-05-05T13:03:07","date_gmt":"2025-05-05T13:03:07","guid":{"rendered":"https:\/\/demotasarim.site\/ekt\/?post_type=product&#038;p=1784"},"modified":"2025-07-29T07:56:23","modified_gmt":"2025-07-29T07:56:23","slug":"jungheinrich-51066351-orta-piston-kecesi","status":"publish","type":"product","link":"https:\/\/demotasarim.site\/ekt\/jungheinrich-51066351-orta-piston-kecesi\/","title":{"rendered":"Jungheinrich 51066351 &#8211; Orta Piston Ke\u00e7esi"},"content":{"rendered":"<p>Marka : JUNGHE\u0130NR\u0130CH<\/p>\n<p>Model : EKX<\/p>\n","protected":false},"excerpt":{"rendered":"<p>Marka : JUNGHE\u0130NR\u0130CH Model : EKX<\/p>\n","protected":false},"featured_media":1878,"comment_status":"closed","ping_status":"closed","template":"","meta":[],"product_brand":[],"product_cat":[27,43],"product_tag":[],"class_list":{"0":"post-1784","1":"product","2":"type-product","3":"status-publish","4":"has-post-thumbnail","6":"product_cat-jungheinrich","7":"product_cat-keceler","9":"first","10":"instock","11":"taxable","12":"shipping-taxable","13":"purchasable","14":"product-type-simple"},"_links":{"self":[{"href":"https:\/\/demotasarim.site\/ekt\/wp-json\/wp\/v2\/product\/1784","targetHints":{"allow":["GET"]}}],"collection":[{"href":"https:\/\/demotasarim.site\/ekt\/wp-json\/wp\/v2\/product"}],"about":[{"href":"https:\/\/demotasarim.site\/ekt\/wp-json\/wp\/v2\/types\/product"}],"replies":[{"embeddable":true,"href":"https:\/\/demotasarim.site\/ekt\/wp-json\/wp\/v2\/comments?post=1784"}],"wp:featuredmedia":[{"embeddable":true,"href":"https:\/\/demotasarim.site\/ekt\/wp-json\/wp\/v2\/media\/1878"}],"wp:attachment":[{"href":"https:\/\/demotasarim.site\/ekt\/wp-json\/wp\/v2\/media?parent=1784"}],"wp:term":[{"taxonomy":"product_brand","embeddable":true,"href":"https:\/\/demotasarim.site\/ekt\/wp-json\/wp\/v2\/product_brand?post=1784"},{"taxonomy":"product_cat","embeddable":true,"href":"https:\/\/demotasarim.site\/ekt\/wp-json\/wp\/v2\/product_cat?post=1784"},{"taxonomy":"product_tag","embeddable":true,"href":"https:\/\/demotasarim.site\/ekt\/wp-json\/wp\/v2\/product_tag?post=1784"}],"curies":[{"name":"wp","href":"https:\/\/api.w.org\/{rel}","templated":true}]}}