{"id":1750,"date":"2025-05-05T13:01:47","date_gmt":"2025-05-05T13:01:47","guid":{"rendered":"https:\/\/demotasarim.site\/ekt\/?post_type=product&#038;p=1750"},"modified":"2025-07-29T07:50:49","modified_gmt":"2025-07-29T07:50:49","slug":"jungheinrich-kumanda-mekanizmasi-ece","status":"publish","type":"product","link":"https:\/\/demotasarim.site\/ekt\/jungheinrich-kumanda-mekanizmasi-ece\/","title":{"rendered":"Jungheinrich KUMANDA MEKAN\u0130ZMASI ECE"},"content":{"rendered":"<p>PAR\u00c7A NO : 51123041 &#8211; 51118966 &#8211; 51118998<\/p>\n<p>MODEL : ECE<\/p>\n<p>KUMANDA MEKAN\u0130ZMASI\u00a0 ( Birle\u015ftirilmi\u015f par\u00e7a )<\/p>\n<p>&nbsp;<\/p>\n","protected":false},"excerpt":{"rendered":"<p>PAR\u00c7A NO : 51123041 &#8211; 51118966 &#8211; 51118998<\/p>\n<p>MODEL : ECE<\/p>\n<p>KUMANDA MEKAN\u0130ZMASI\u00a0 ( Birle\u015ftirilmi\u015f par\u00e7a )<\/p>\n","protected":false},"featured_media":1854,"comment_status":"closed","ping_status":"closed","template":"","meta":[],"product_brand":[],"product_cat":[27,51],"product_tag":[],"class_list":{"0":"post-1750","1":"product","2":"type-product","3":"status-publish","4":"has-post-thumbnail","6":"product_cat-jungheinrich","7":"product_cat-kumanda","9":"first","10":"instock","11":"taxable","12":"shipping-taxable","13":"purchasable","14":"product-type-simple"},"_links":{"self":[{"href":"https:\/\/demotasarim.site\/ekt\/wp-json\/wp\/v2\/product\/1750","targetHints":{"allow":["GET"]}}],"collection":[{"href":"https:\/\/demotasarim.site\/ekt\/wp-json\/wp\/v2\/product"}],"about":[{"href":"https:\/\/demotasarim.site\/ekt\/wp-json\/wp\/v2\/types\/product"}],"replies":[{"embeddable":true,"href":"https:\/\/demotasarim.site\/ekt\/wp-json\/wp\/v2\/comments?post=1750"}],"wp:featuredmedia":[{"embeddable":true,"href":"https:\/\/demotasarim.site\/ekt\/wp-json\/wp\/v2\/media\/1854"}],"wp:attachment":[{"href":"https:\/\/demotasarim.site\/ekt\/wp-json\/wp\/v2\/media?parent=1750"}],"wp:term":[{"taxonomy":"product_brand","embeddable":true,"href":"https:\/\/demotasarim.site\/ekt\/wp-json\/wp\/v2\/product_brand?post=1750"},{"taxonomy":"product_cat","embeddable":true,"href":"https:\/\/demotasarim.site\/ekt\/wp-json\/wp\/v2\/product_cat?post=1750"},{"taxonomy":"product_tag","embeddable":true,"href":"https:\/\/demotasarim.site\/ekt\/wp-json\/wp\/v2\/product_tag?post=1750"}],"curies":[{"name":"wp","href":"https:\/\/api.w.org\/{rel}","templated":true}]}}