{"id":1704,"date":"2025-05-05T12:59:57","date_gmt":"2025-05-05T12:59:57","guid":{"rendered":"https:\/\/demotasarim.site\/ekt\/?post_type=product&#038;p=1704"},"modified":"2025-07-29T07:43:25","modified_gmt":"2025-07-29T07:43:25","slug":"jungheinrich-51057211-motor-surucusu-efg","status":"publish","type":"product","link":"https:\/\/demotasarim.site\/ekt\/jungheinrich-51057211-motor-surucusu-efg\/","title":{"rendered":"Jungheinrich 51057211 &#8211; MOTOR S\u00dcR\u00dcC\u00dcS\u00dc EFG"},"content":{"rendered":"<p>PAR\u00c7A NO :51057211<\/p>\n<p>KART NO :51012152 AS4807\u0130 \u0130ND E<\/p>\n<p>MODEL :EFG 216-220<\/p>\n<p>MODEL YILI :2010-2016<\/p>\n","protected":false},"excerpt":{"rendered":"<p>PAR\u00c7A NO :51057211<\/p>\n<p>KART NO :51012152 AS4807\u0130 \u0130ND E<\/p>\n<p>MODEL :EFG 216-220<\/p>\n<p>MODEL YILI :2010-2016<\/p>\n","protected":false},"featured_media":1810,"comment_status":"closed","ping_status":"closed","template":"","meta":[],"product_brand":[],"product_cat":[53,27],"product_tag":[],"class_list":{"0":"post-1704","1":"product","2":"type-product","3":"status-publish","4":"has-post-thumbnail","6":"product_cat-elektronik-kart","7":"product_cat-jungheinrich","9":"first","10":"instock","11":"taxable","12":"shipping-taxable","13":"purchasable","14":"product-type-simple"},"_links":{"self":[{"href":"https:\/\/demotasarim.site\/ekt\/wp-json\/wp\/v2\/product\/1704","targetHints":{"allow":["GET"]}}],"collection":[{"href":"https:\/\/demotasarim.site\/ekt\/wp-json\/wp\/v2\/product"}],"about":[{"href":"https:\/\/demotasarim.site\/ekt\/wp-json\/wp\/v2\/types\/product"}],"replies":[{"embeddable":true,"href":"https:\/\/demotasarim.site\/ekt\/wp-json\/wp\/v2\/comments?post=1704"}],"wp:featuredmedia":[{"embeddable":true,"href":"https:\/\/demotasarim.site\/ekt\/wp-json\/wp\/v2\/media\/1810"}],"wp:attachment":[{"href":"https:\/\/demotasarim.site\/ekt\/wp-json\/wp\/v2\/media?parent=1704"}],"wp:term":[{"taxonomy":"product_brand","embeddable":true,"href":"https:\/\/demotasarim.site\/ekt\/wp-json\/wp\/v2\/product_brand?post=1704"},{"taxonomy":"product_cat","embeddable":true,"href":"https:\/\/demotasarim.site\/ekt\/wp-json\/wp\/v2\/product_cat?post=1704"},{"taxonomy":"product_tag","embeddable":true,"href":"https:\/\/demotasarim.site\/ekt\/wp-json\/wp\/v2\/product_tag?post=1704"}],"curies":[{"name":"wp","href":"https:\/\/api.w.org\/{rel}","templated":true}]}}