{"id":1651,"date":"2025-05-05T12:57:50","date_gmt":"2025-05-05T12:57:50","guid":{"rendered":"https:\/\/demotasarim.site\/ekt\/?post_type=product&#038;p=1651"},"modified":"2025-07-28T13:29:46","modified_gmt":"2025-07-28T13:29:46","slug":"jungheinrich-51206812-multipilot-3-yollu-efg","status":"publish","type":"product","link":"https:\/\/demotasarim.site\/ekt\/jungheinrich-51206812-multipilot-3-yollu-efg\/","title":{"rendered":"Jungheinrich 51206812 &#8211; MULT\u0130P\u0130LOT 3 YOLLU EFG"},"content":{"rendered":"<p>PAR\u00c7A NO :51206812<\/p>\n<p>MODEL : EFG<\/p>\n","protected":false},"excerpt":{"rendered":"<p>PAR\u00c7A NO :51206812<\/p>\n<p>MODEL : EFG<\/p>\n","protected":false},"featured_media":1754,"comment_status":"closed","ping_status":"closed","template":"","meta":[],"product_brand":[],"product_cat":[53,27],"product_tag":[],"class_list":{"0":"post-1651","1":"product","2":"type-product","3":"status-publish","4":"has-post-thumbnail","6":"product_cat-elektronik-kart","7":"product_cat-jungheinrich","9":"first","10":"instock","11":"taxable","12":"shipping-taxable","13":"purchasable","14":"product-type-simple"},"_links":{"self":[{"href":"https:\/\/demotasarim.site\/ekt\/wp-json\/wp\/v2\/product\/1651","targetHints":{"allow":["GET"]}}],"collection":[{"href":"https:\/\/demotasarim.site\/ekt\/wp-json\/wp\/v2\/product"}],"about":[{"href":"https:\/\/demotasarim.site\/ekt\/wp-json\/wp\/v2\/types\/product"}],"replies":[{"embeddable":true,"href":"https:\/\/demotasarim.site\/ekt\/wp-json\/wp\/v2\/comments?post=1651"}],"wp:featuredmedia":[{"embeddable":true,"href":"https:\/\/demotasarim.site\/ekt\/wp-json\/wp\/v2\/media\/1754"}],"wp:attachment":[{"href":"https:\/\/demotasarim.site\/ekt\/wp-json\/wp\/v2\/media?parent=1651"}],"wp:term":[{"taxonomy":"product_brand","embeddable":true,"href":"https:\/\/demotasarim.site\/ekt\/wp-json\/wp\/v2\/product_brand?post=1651"},{"taxonomy":"product_cat","embeddable":true,"href":"https:\/\/demotasarim.site\/ekt\/wp-json\/wp\/v2\/product_cat?post=1651"},{"taxonomy":"product_tag","embeddable":true,"href":"https:\/\/demotasarim.site\/ekt\/wp-json\/wp\/v2\/product_tag?post=1651"}],"curies":[{"name":"wp","href":"https:\/\/api.w.org\/{rel}","templated":true}]}}