{"id":1432,"date":"2025-05-05T12:49:48","date_gmt":"2025-05-05T12:49:48","guid":{"rendered":"https:\/\/demotasarim.site\/ekt\/?post_type=product&#038;p=1432"},"modified":"2025-07-28T09:03:51","modified_gmt":"2025-07-28T09:03:51","slug":"jungheinrich-51316771-yuruyus-teker-bijon-saplama","status":"publish","type":"product","link":"https:\/\/demotasarim.site\/ekt\/jungheinrich-51316771-yuruyus-teker-bijon-saplama\/","title":{"rendered":"Jungheinrich 51316771 &#8211; Y\u00fcr\u00fcy\u00fc\u015f Teker Bijon Saplama"},"content":{"rendered":"<p>Marka : JUNGHE\u0130NR\u0130CH<\/p>\n<p>Model : ETV216<\/p>\n","protected":false},"excerpt":{"rendered":"<p>Marka : JUNGHE\u0130NR\u0130CH Model : ETV216<\/p>\n","protected":false},"featured_media":1519,"comment_status":"closed","ping_status":"closed","template":"","meta":[],"product_brand":[],"product_cat":[27,54],"product_tag":[],"class_list":{"0":"post-1432","1":"product","2":"type-product","3":"status-publish","4":"has-post-thumbnail","6":"product_cat-jungheinrich","7":"product_cat-teker-grubu","9":"first","10":"instock","11":"taxable","12":"shipping-taxable","13":"purchasable","14":"product-type-simple"},"_links":{"self":[{"href":"https:\/\/demotasarim.site\/ekt\/wp-json\/wp\/v2\/product\/1432","targetHints":{"allow":["GET"]}}],"collection":[{"href":"https:\/\/demotasarim.site\/ekt\/wp-json\/wp\/v2\/product"}],"about":[{"href":"https:\/\/demotasarim.site\/ekt\/wp-json\/wp\/v2\/types\/product"}],"replies":[{"embeddable":true,"href":"https:\/\/demotasarim.site\/ekt\/wp-json\/wp\/v2\/comments?post=1432"}],"wp:featuredmedia":[{"embeddable":true,"href":"https:\/\/demotasarim.site\/ekt\/wp-json\/wp\/v2\/media\/1519"}],"wp:attachment":[{"href":"https:\/\/demotasarim.site\/ekt\/wp-json\/wp\/v2\/media?parent=1432"}],"wp:term":[{"taxonomy":"product_brand","embeddable":true,"href":"https:\/\/demotasarim.site\/ekt\/wp-json\/wp\/v2\/product_brand?post=1432"},{"taxonomy":"product_cat","embeddable":true,"href":"https:\/\/demotasarim.site\/ekt\/wp-json\/wp\/v2\/product_cat?post=1432"},{"taxonomy":"product_tag","embeddable":true,"href":"https:\/\/demotasarim.site\/ekt\/wp-json\/wp\/v2\/product_tag?post=1432"}],"curies":[{"name":"wp","href":"https:\/\/api.w.org\/{rel}","templated":true}]}}