{"id":1369,"date":"2025-05-05T12:47:19","date_gmt":"2025-05-05T12:47:19","guid":{"rendered":"https:\/\/demotasarim.site\/ekt\/?post_type=product&#038;p=1369"},"modified":"2025-07-28T08:36:55","modified_gmt":"2025-07-28T08:36:55","slug":"jungheinrich-50120101-platform-amortisoru","status":"publish","type":"product","link":"https:\/\/demotasarim.site\/ekt\/jungheinrich-50120101-platform-amortisoru\/","title":{"rendered":"Jungheinrich 50120101 &#8211; Platform Amortis\u00f6r\u00fc"},"content":{"rendered":"<p>Marka : JUNGHE\u0130NR\u0130CH<\/p>\n<p>Model : ERE<\/p>\n","protected":false},"excerpt":{"rendered":"<p>Marka : JUNGHE\u0130NR\u0130CH Model : ERE<\/p>\n","protected":false},"featured_media":1461,"comment_status":"closed","ping_status":"closed","template":"","meta":[],"product_brand":[],"product_cat":[31,27],"product_tag":[],"class_list":{"0":"post-1369","1":"product","2":"type-product","3":"status-publish","4":"has-post-thumbnail","6":"product_cat-amortisorler","7":"product_cat-jungheinrich","9":"first","10":"instock","11":"taxable","12":"shipping-taxable","13":"purchasable","14":"product-type-simple"},"_links":{"self":[{"href":"https:\/\/demotasarim.site\/ekt\/wp-json\/wp\/v2\/product\/1369","targetHints":{"allow":["GET"]}}],"collection":[{"href":"https:\/\/demotasarim.site\/ekt\/wp-json\/wp\/v2\/product"}],"about":[{"href":"https:\/\/demotasarim.site\/ekt\/wp-json\/wp\/v2\/types\/product"}],"replies":[{"embeddable":true,"href":"https:\/\/demotasarim.site\/ekt\/wp-json\/wp\/v2\/comments?post=1369"}],"wp:featuredmedia":[{"embeddable":true,"href":"https:\/\/demotasarim.site\/ekt\/wp-json\/wp\/v2\/media\/1461"}],"wp:attachment":[{"href":"https:\/\/demotasarim.site\/ekt\/wp-json\/wp\/v2\/media?parent=1369"}],"wp:term":[{"taxonomy":"product_brand","embeddable":true,"href":"https:\/\/demotasarim.site\/ekt\/wp-json\/wp\/v2\/product_brand?post=1369"},{"taxonomy":"product_cat","embeddable":true,"href":"https:\/\/demotasarim.site\/ekt\/wp-json\/wp\/v2\/product_cat?post=1369"},{"taxonomy":"product_tag","embeddable":true,"href":"https:\/\/demotasarim.site\/ekt\/wp-json\/wp\/v2\/product_tag?post=1369"}],"curies":[{"name":"wp","href":"https:\/\/api.w.org\/{rel}","templated":true}]}}