{"id":1186,"date":"2025-05-05T12:39:06","date_gmt":"2025-05-05T12:39:06","guid":{"rendered":"https:\/\/demotasarim.site\/ekt\/?post_type=product&#038;p=1186"},"modified":"2025-05-05T12:43:18","modified_gmt":"2025-05-05T12:43:18","slug":"51094909-6205-sayici-rulman","status":"publish","type":"product","link":"https:\/\/demotasarim.site\/ekt\/51094909-6205-sayici-rulman\/","title":{"rendered":"51094909 &#8211; 6205 Say\u0131c\u0131 Rulman"},"content":{"rendered":"<p>6205 Sens\u00f6rl\u00fc Rulman, 6205 Bearing Sensor, 6205 Encoder Rulman<\/p>\n","protected":false},"excerpt":{"rendered":"<p>6205 Sens\u00f6rl\u00fc Rulman, 6205 Bearing Sensor, 6205 Encoder Rulman<\/p>\n","protected":false},"featured_media":1278,"comment_status":"closed","ping_status":"closed","template":"","meta":[],"product_brand":[],"product_cat":[25],"product_tag":[],"class_list":{"0":"post-1186","1":"product","2":"type-product","3":"status-publish","4":"has-post-thumbnail","6":"product_cat-rulmanlar","8":"first","9":"instock","10":"taxable","11":"shipping-taxable","12":"purchasable","13":"product-type-simple"},"_links":{"self":[{"href":"https:\/\/demotasarim.site\/ekt\/wp-json\/wp\/v2\/product\/1186","targetHints":{"allow":["GET"]}}],"collection":[{"href":"https:\/\/demotasarim.site\/ekt\/wp-json\/wp\/v2\/product"}],"about":[{"href":"https:\/\/demotasarim.site\/ekt\/wp-json\/wp\/v2\/types\/product"}],"replies":[{"embeddable":true,"href":"https:\/\/demotasarim.site\/ekt\/wp-json\/wp\/v2\/comments?post=1186"}],"wp:featuredmedia":[{"embeddable":true,"href":"https:\/\/demotasarim.site\/ekt\/wp-json\/wp\/v2\/media\/1278"}],"wp:attachment":[{"href":"https:\/\/demotasarim.site\/ekt\/wp-json\/wp\/v2\/media?parent=1186"}],"wp:term":[{"taxonomy":"product_brand","embeddable":true,"href":"https:\/\/demotasarim.site\/ekt\/wp-json\/wp\/v2\/product_brand?post=1186"},{"taxonomy":"product_cat","embeddable":true,"href":"https:\/\/demotasarim.site\/ekt\/wp-json\/wp\/v2\/product_cat?post=1186"},{"taxonomy":"product_tag","embeddable":true,"href":"https:\/\/demotasarim.site\/ekt\/wp-json\/wp\/v2\/product_tag?post=1186"}],"curies":[{"name":"wp","href":"https:\/\/api.w.org\/{rel}","templated":true}]}}