{"id":1159,"date":"2025-05-05T12:38:15","date_gmt":"2025-05-05T12:38:15","guid":{"rendered":"https:\/\/demotasarim.site\/ekt\/?post_type=product&#038;p=1159"},"modified":"2025-06-27T13:13:30","modified_gmt":"2025-06-27T13:13:30","slug":"jungheinrich-51306602-asansor-yukseklik-sensoru","status":"publish","type":"product","link":"https:\/\/demotasarim.site\/ekt\/jungheinrich-51306602-asansor-yukseklik-sensoru\/","title":{"rendered":"Jungheinrich 51306602 &#8211; Asans\u00f6r Y\u00fckseklik Sens\u00f6r\u00fc"},"content":{"rendered":"<p>Marka : JUNHE\u0130NR\u0130CH<\/p>\n<p>Model : ETV\/M YEN\u0130<\/p>\n","protected":false},"excerpt":{"rendered":"<p>Marka : JUNHE\u0130NR\u0130CH Model : ETV\/M YEN\u0130<\/p>\n","protected":false},"featured_media":1240,"comment_status":"closed","ping_status":"closed","template":"","meta":[],"product_brand":[],"product_cat":[27,35],"product_tag":[],"class_list":{"0":"post-1159","1":"product","2":"type-product","3":"status-publish","4":"has-post-thumbnail","6":"product_cat-jungheinrich","7":"product_cat-sensorler","9":"first","10":"instock","11":"taxable","12":"shipping-taxable","13":"purchasable","14":"product-type-simple"},"_links":{"self":[{"href":"https:\/\/demotasarim.site\/ekt\/wp-json\/wp\/v2\/product\/1159","targetHints":{"allow":["GET"]}}],"collection":[{"href":"https:\/\/demotasarim.site\/ekt\/wp-json\/wp\/v2\/product"}],"about":[{"href":"https:\/\/demotasarim.site\/ekt\/wp-json\/wp\/v2\/types\/product"}],"replies":[{"embeddable":true,"href":"https:\/\/demotasarim.site\/ekt\/wp-json\/wp\/v2\/comments?post=1159"}],"wp:featuredmedia":[{"embeddable":true,"href":"https:\/\/demotasarim.site\/ekt\/wp-json\/wp\/v2\/media\/1240"}],"wp:attachment":[{"href":"https:\/\/demotasarim.site\/ekt\/wp-json\/wp\/v2\/media?parent=1159"}],"wp:term":[{"taxonomy":"product_brand","embeddable":true,"href":"https:\/\/demotasarim.site\/ekt\/wp-json\/wp\/v2\/product_brand?post=1159"},{"taxonomy":"product_cat","embeddable":true,"href":"https:\/\/demotasarim.site\/ekt\/wp-json\/wp\/v2\/product_cat?post=1159"},{"taxonomy":"product_tag","embeddable":true,"href":"https:\/\/demotasarim.site\/ekt\/wp-json\/wp\/v2\/product_tag?post=1159"}],"curies":[{"name":"wp","href":"https:\/\/api.w.org\/{rel}","templated":true}]}}