{"id":1095,"date":"2025-05-05T12:35:49","date_gmt":"2025-05-05T12:35:49","guid":{"rendered":"https:\/\/demotasarim.site\/ekt\/?post_type=product&#038;p=1095"},"modified":"2025-06-27T13:04:56","modified_gmt":"2025-06-27T13:04:56","slug":"crown-840278-kol-amortisor-baglanti-ayagi","status":"publish","type":"product","link":"https:\/\/demotasarim.site\/ekt\/crown-840278-kol-amortisor-baglanti-ayagi\/","title":{"rendered":"Crown 840278 &#8211; Kol Amortis\u00f6r Ba\u011flant\u0131 Aya\u011f\u0131"},"content":{"rendered":"<p>Marka : CROWN<\/p>\n<p>Model : WP<\/p>\n","protected":false},"excerpt":{"rendered":"<p>Marka : CROWN Model : WP<\/p>\n","protected":false},"featured_media":1181,"comment_status":"closed","ping_status":"closed","template":"","meta":[],"product_brand":[],"product_cat":[31,32],"product_tag":[],"class_list":{"0":"post-1095","1":"product","2":"type-product","3":"status-publish","4":"has-post-thumbnail","6":"product_cat-amortisorler","7":"product_cat-crown","9":"first","10":"instock","11":"taxable","12":"shipping-taxable","13":"purchasable","14":"product-type-simple"},"_links":{"self":[{"href":"https:\/\/demotasarim.site\/ekt\/wp-json\/wp\/v2\/product\/1095","targetHints":{"allow":["GET"]}}],"collection":[{"href":"https:\/\/demotasarim.site\/ekt\/wp-json\/wp\/v2\/product"}],"about":[{"href":"https:\/\/demotasarim.site\/ekt\/wp-json\/wp\/v2\/types\/product"}],"replies":[{"embeddable":true,"href":"https:\/\/demotasarim.site\/ekt\/wp-json\/wp\/v2\/comments?post=1095"}],"wp:featuredmedia":[{"embeddable":true,"href":"https:\/\/demotasarim.site\/ekt\/wp-json\/wp\/v2\/media\/1181"}],"wp:attachment":[{"href":"https:\/\/demotasarim.site\/ekt\/wp-json\/wp\/v2\/media?parent=1095"}],"wp:term":[{"taxonomy":"product_brand","embeddable":true,"href":"https:\/\/demotasarim.site\/ekt\/wp-json\/wp\/v2\/product_brand?post=1095"},{"taxonomy":"product_cat","embeddable":true,"href":"https:\/\/demotasarim.site\/ekt\/wp-json\/wp\/v2\/product_cat?post=1095"},{"taxonomy":"product_tag","embeddable":true,"href":"https:\/\/demotasarim.site\/ekt\/wp-json\/wp\/v2\/product_tag?post=1095"}],"curies":[{"name":"wp","href":"https:\/\/api.w.org\/{rel}","templated":true}]}}