{"id":1040,"date":"2025-05-05T12:33:45","date_gmt":"2025-05-05T12:33:45","guid":{"rendered":"https:\/\/demotasarim.site\/ekt\/?post_type=product&#038;p=1040"},"modified":"2025-05-05T12:37:10","modified_gmt":"2025-05-05T12:37:10","slug":"yale-hyster-side-shift-kizak-takimi","status":"publish","type":"product","link":"https:\/\/demotasarim.site\/ekt\/yale-hyster-side-shift-kizak-takimi\/","title":{"rendered":"Yale\/Hyster &#8211; S\u0131de Sh\u0131ft K\u0131zak Tak\u0131m\u0131"},"content":{"rendered":"<p>Marka : YALE\/HYSTER<\/p>\n","protected":false},"excerpt":{"rendered":"<p>Marka : YALE\/HYSTER<\/p>\n","protected":false},"featured_media":1129,"comment_status":"closed","ping_status":"closed","template":"","meta":[],"product_brand":[],"product_cat":[49,23],"product_tag":[],"class_list":{"0":"post-1040","1":"product","2":"type-product","3":"status-publish","4":"has-post-thumbnail","6":"product_cat-asansor-grubu","7":"product_cat-yale-hyster","9":"first","10":"instock","11":"taxable","12":"shipping-taxable","13":"purchasable","14":"product-type-simple"},"_links":{"self":[{"href":"https:\/\/demotasarim.site\/ekt\/wp-json\/wp\/v2\/product\/1040","targetHints":{"allow":["GET"]}}],"collection":[{"href":"https:\/\/demotasarim.site\/ekt\/wp-json\/wp\/v2\/product"}],"about":[{"href":"https:\/\/demotasarim.site\/ekt\/wp-json\/wp\/v2\/types\/product"}],"replies":[{"embeddable":true,"href":"https:\/\/demotasarim.site\/ekt\/wp-json\/wp\/v2\/comments?post=1040"}],"wp:featuredmedia":[{"embeddable":true,"href":"https:\/\/demotasarim.site\/ekt\/wp-json\/wp\/v2\/media\/1129"}],"wp:attachment":[{"href":"https:\/\/demotasarim.site\/ekt\/wp-json\/wp\/v2\/media?parent=1040"}],"wp:term":[{"taxonomy":"product_brand","embeddable":true,"href":"https:\/\/demotasarim.site\/ekt\/wp-json\/wp\/v2\/product_brand?post=1040"},{"taxonomy":"product_cat","embeddable":true,"href":"https:\/\/demotasarim.site\/ekt\/wp-json\/wp\/v2\/product_cat?post=1040"},{"taxonomy":"product_tag","embeddable":true,"href":"https:\/\/demotasarim.site\/ekt\/wp-json\/wp\/v2\/product_tag?post=1040"}],"curies":[{"name":"wp","href":"https:\/\/api.w.org\/{rel}","templated":true}]}}