{"id":2047,"date":"2025-05-06T08:33:52","date_gmt":"2025-05-06T08:33:52","guid":{"rendered":"https:\/\/demotasarim.site\/ekt\/?page_id=2047"},"modified":"2025-05-06T08:34:22","modified_gmt":"2025-05-06T08:34:22","slug":"web-sitesi-kullanici-acik-riza-metni-ve-beyani","status":"publish","type":"page","link":"https:\/\/demotasarim.site\/ekt\/web-sitesi-kullanici-acik-riza-metni-ve-beyani\/","title":{"rendered":"Web Sitesi Kullan\u0131c\u0131 A\u00e7\u0131k R\u0131za Metni ve Beyan\u0131"},"content":{"rendered":"","protected":false},"excerpt":{"rendered":"","protected":false},"author":1,"featured_media":0,"parent":0,"menu_order":0,"comment_status":"closed","ping_status":"closed","template":"","meta":{"footnotes":""},"class_list":["post-2047","page","type-page","status-publish","hentry"],"_links":{"self":[{"href":"https:\/\/demotasarim.site\/ekt\/wp-json\/wp\/v2\/pages\/2047","targetHints":{"allow":["GET"]}}],"collection":[{"href":"https:\/\/demotasarim.site\/ekt\/wp-json\/wp\/v2\/pages"}],"about":[{"href":"https:\/\/demotasarim.site\/ekt\/wp-json\/wp\/v2\/types\/page"}],"author":[{"embeddable":true,"href":"https:\/\/demotasarim.site\/ekt\/wp-json\/wp\/v2\/users\/1"}],"replies":[{"embeddable":true,"href":"https:\/\/demotasarim.site\/ekt\/wp-json\/wp\/v2\/comments?post=2047"}],"version-history":[{"count":1,"href":"https:\/\/demotasarim.site\/ekt\/wp-json\/wp\/v2\/pages\/2047\/revisions"}],"predecessor-version":[{"id":2048,"href":"https:\/\/demotasarim.site\/ekt\/wp-json\/wp\/v2\/pages\/2047\/revisions\/2048"}],"wp:attachment":[{"href":"https:\/\/demotasarim.site\/ekt\/wp-json\/wp\/v2\/media?parent=2047"}],"curies":[{"name":"wp","href":"https:\/\/api.w.org\/{rel}","templated":true}]}}